{"id":7950,"date":"2025-05-27T18:31:08","date_gmt":"2025-05-27T18:31:08","guid":{"rendered":"https:\/\/thelearningmountain.com\/?page_id=7950"},"modified":"2025-07-08T16:02:47","modified_gmt":"2025-07-08T16:02:47","slug":"recursos-gratuitos","status":"publish","type":"page","link":"https:\/\/thelearningmountain.com\/en\/recursos-gratuitos\/","title":{"rendered":"Free resources"},"content":{"rendered":"<div data-elementor-type=\"wp-page\" data-elementor-id=\"7950\" class=\"elementor elementor-7950\">\n\t\t\t\t<div class=\"elementor-element elementor-element-1ca3d98 e-flex e-con-boxed e-con e-parent\" data-id=\"1ca3d98\" data-element_type=\"container\">\n\t\t\t\t\t<div class=\"e-con-inner\">\n\t\t\t\t<div class=\"elementor-element elementor-element-2df5c37 elementor-widget elementor-widget-heading\" data-id=\"2df5c37\" data-element_type=\"widget\" data-widget_type=\"heading.default\">\n\t\t\t\t<div class=\"elementor-widget-container\">\n\t\t\t\t\t<h2 class=\"elementor-heading-title elementor-size-default\">Free resources<\/h2>\t\t\t\t<\/div>\n\t\t\t\t<\/div>\n\t\t\t\t<div class=\"elementor-element elementor-element-9d288a2 elementor-widget elementor-widget-text-editor\" data-id=\"9d288a2\" data-element_type=\"widget\" data-widget_type=\"text-editor.default\">\n\t\t\t\t<div class=\"elementor-widget-container\">\n\t\t\t\t\t\t\t\t\t<p>Explora nuestra secci\u00f3n de recursos gratuitos descargables y disfruta aprendiendo espa\u00f1ol con materiales divertidos y pr\u00e1cticos de <em data-start=\"131\" data-end=\"154\">The Learning Mountain<\/em>.<\/p>\t\t\t\t\t\t\t\t<\/div>\n\t\t\t\t<\/div>\n\t\t\t\t\t<\/div>\n\t\t\t\t<\/div>\n\t\t<div class=\"elementor-element elementor-element-d7515a8 e-flex e-con-boxed e-con e-parent\" data-id=\"d7515a8\" data-element_type=\"container\">\n\t\t\t\t\t<div class=\"e-con-inner\">\n\t\t\t\t<div class=\"elementor-element elementor-element-6a29b58 elementor-widget elementor-widget-image\" data-id=\"6a29b58\" data-element_type=\"widget\" data-widget_type=\"image.default\">\n\t\t\t\t<div class=\"elementor-widget-container\">\n\t\t\t\t\t\t\t\t\t\t\t\t\t\t\t<img decoding=\"async\" width=\"96\" height=\"59\" src=\"https:\/\/thelearningmountain.com\/wp-content\/uploads\/2025\/05\/the-learning-mountain-precolombino.png\" class=\"img-fluid attachment-large size-large wp-image-13294\" alt=\"\" \/>\t\t\t\t\t\t\t\t\t\t\t\t\t\t\t<\/div>\n\t\t\t\t<\/div>\n\t\t\t\t\t<\/div>\n\t\t\t\t<\/div>\n\t\t<div class=\"elementor-element elementor-element-3612456 e-flex e-con-boxed e-con e-parent\" data-id=\"3612456\" data-element_type=\"container\" data-settings=\"{&quot;background_background&quot;:&quot;classic&quot;}\">\n\t\t\t\t\t<div class=\"e-con-inner\">\n\t\t\t\t<div class=\"elementor-element elementor-element-54ece77 elementor-widget elementor-widget-elementskit-blog-posts\" data-id=\"54ece77\" data-element_type=\"widget\" data-widget_type=\"elementskit-blog-posts.default\">\n\t\t\t\t<div class=\"elementor-widget-container\">\n\t\t\t\t\t<div class=\"ekit-wid-con\" >        <div id=\"post-items--54ece77\" class=\"row post-items\">\n                    <div class=\"col-lg-4 col-md-6\">\n\n                                    <div class=\"elementskit-post-image-card\">\n                        <div class=\"elementskit-entry-header\">\n                                                            <a href=\"https:\/\/thelearningmountain.com\/en\/2025\/08\/07\/aprender-un-idioma\/\" class=\"elementskit-entry-thumb\">\n                                    <img decoding=\"async\" src=\"https:\/\/thelearningmountain.com\/wp-content\/uploads\/2021\/03\/cover-4-1024x512.jpg\" alt=\"El Superpoder del Siglo XXI: Por Qu\u00e9 Aprender Idiomas Transforma Tu Vida\">\n                                <\/a><!-- .elementskit-entry-thumb END -->\n                                                            \n                            \n\t\t\t\t\t\t\t\t\t\t\t\t\t<\/div><!-- .elementskit-entry-header END -->\n\n\t\t\t\t\t\t<div class=\"elementskit-post-body\">\n\t\t\t\t\t\t\t\n\t\t\t\t\t\t\t\t\t\t\t\t\t\t\t\t\t\t\t\t\t\t\t\t\t\t\t\t\t\t\n\t\t\t\t\t\t\t\t\n\t\t\t\t\t\t\t\t\t\t\t\t\t\t\t\t\t\t\t\t\t<h2 class=\"entry-title\">\n\t\t\t\t\t<a href=\"https:\/\/thelearningmountain.com\/en\/2025\/08\/07\/aprender-un-idioma\/\">\n\t\t\t\t\t\tEl Superpoder del Siglo XXI: Por Qu\u00e9 Aprender Idiomas Transforma Tu Vida\t\t\t\t\t<\/a>\n\t\t\t\t<\/h2>\n\t\t\t\t\t\t\t\t\t\t\t\t\t\t\t\t\t\t\t\t\t\t\t\t\t\t\t\t\t\t\t\t                                                            <div class=\"btn-wraper\">\n                                    \n                                                                            <a class=\"elementskit-btn whitespace--normal\" id=\"\" href=\"https:\/\/thelearningmountain.com\/en\/2025\/08\/07\/aprender-un-idioma\/\">\n                                        \t                                            Saber m\u00e1s                                         <\/a>\n                                                                    <\/div>\n                                                    <\/div><!-- .elementskit-post-body END -->\n                    <\/div>\n                \n            <\/div>\n                    <div class=\"col-lg-4 col-md-6\">\n\n                                    <div class=\"elementskit-post-image-card\">\n                        <div class=\"elementskit-entry-header\">\n                                                            <a href=\"https:\/\/thelearningmountain.com\/en\/2021\/06\/08\/an-indigenous-anatolian-syllabic-script-from-3500-years-ago-8\/\" class=\"elementskit-entry-thumb\">\n                                    <img decoding=\"async\" src=\"https:\/\/thelearningmountain.com\/wp-content\/uploads\/2021\/03\/post-2-sk.jpg\" alt=\"An Indigenous Anatolian Syllabic Script From 3500 Years Ago\">\n                                <\/a><!-- .elementskit-entry-thumb END -->\n                                                            \n                            \n\t\t\t\t\t\t\t\t\t\t\t\t\t<\/div><!-- .elementskit-entry-header END -->\n\n\t\t\t\t\t\t<div class=\"elementskit-post-body\">\n\t\t\t\t\t\t\t\n\t\t\t\t\t\t\t\t\t\t\t\t\t\t\t\t\t\t\t\t\t\t\t\t\t\t\t\t\t\t\n\t\t\t\t\t\t\t\t\n\t\t\t\t\t\t\t\t\t\t\t\t\t\t\t\t\t\t\t\t\t<h2 class=\"entry-title\">\n\t\t\t\t\t<a href=\"https:\/\/thelearningmountain.com\/en\/2021\/06\/08\/an-indigenous-anatolian-syllabic-script-from-3500-years-ago-8\/\">\n\t\t\t\t\t\tAn Indigenous Anatolian Syllabic Script From 3500 Years Ago\t\t\t\t\t<\/a>\n\t\t\t\t<\/h2>\n\t\t\t\t\t\t\t\t\t\t\t\t\t\t\t\t\t\t\t\t\t\t\t\t\t\t\t\t\t\t\t\t                                                            <div class=\"btn-wraper\">\n                                    \n                                                                            <a class=\"elementskit-btn whitespace--normal\" id=\"\" href=\"https:\/\/thelearningmountain.com\/en\/2021\/06\/08\/an-indigenous-anatolian-syllabic-script-from-3500-years-ago-8\/\">\n                                        \t                                            Saber m\u00e1s                                         <\/a>\n                                                                    <\/div>\n                                                    <\/div><!-- .elementskit-post-body END -->\n                    <\/div>\n                \n            <\/div>\n                    <div class=\"col-lg-4 col-md-6\">\n\n                                    <div class=\"elementskit-post-image-card\">\n                        <div class=\"elementskit-entry-header\">\n                                                            <a href=\"https:\/\/thelearningmountain.com\/en\/2021\/06\/08\/10-best-countries-to-visit-for-beginner-travelers-6\/\" class=\"elementskit-entry-thumb\">\n                                    <img decoding=\"async\" src=\"https:\/\/thelearningmountain.com\/wp-content\/uploads\/2021\/03\/post-3-sk.jpg\" alt=\"10 Best Countries to Visit for Beginner Travelers\">\n                                <\/a><!-- .elementskit-entry-thumb END -->\n                                                            \n                            \n\t\t\t\t\t\t\t\t\t\t\t\t\t<\/div><!-- .elementskit-entry-header END -->\n\n\t\t\t\t\t\t<div class=\"elementskit-post-body\">\n\t\t\t\t\t\t\t\n\t\t\t\t\t\t\t\t\t\t\t\t\t\t\t\t\t\t\t\t\t\t\t\t\t\t\t\t\t\t\n\t\t\t\t\t\t\t\t\n\t\t\t\t\t\t\t\t\t\t\t\t\t\t\t\t\t\t\t\t\t<h2 class=\"entry-title\">\n\t\t\t\t\t<a href=\"https:\/\/thelearningmountain.com\/en\/2021\/06\/08\/10-best-countries-to-visit-for-beginner-travelers-6\/\">\n\t\t\t\t\t\t10 Best Countries to Visit for Beginner Travelers\t\t\t\t\t<\/a>\n\t\t\t\t<\/h2>\n\t\t\t\t\t\t\t\t\t\t\t\t\t\t\t\t\t\t\t\t\t\t\t\t\t\t\t\t\t\t\t\t                                                            <div class=\"btn-wraper\">\n                                    \n                                                                            <a class=\"elementskit-btn whitespace--normal\" id=\"\" href=\"https:\/\/thelearningmountain.com\/en\/2021\/06\/08\/10-best-countries-to-visit-for-beginner-travelers-6\/\">\n                                        \t                                            Saber m\u00e1s                                         <\/a>\n                                                                    <\/div>\n                                                    <\/div><!-- .elementskit-post-body END -->\n                    <\/div>\n                \n            <\/div>\n                <\/div>\n       <\/div>\t\t\t\t<\/div>\n\t\t\t\t<\/div>\n\t\t\t\t\t<\/div>\n\t\t\t\t<\/div>\n\t\t<div class=\"elementor-element elementor-element-fa395b8 e-flex e-con-boxed e-con e-parent\" data-id=\"fa395b8\" data-element_type=\"container\" data-settings=\"{&quot;background_background&quot;:&quot;classic&quot;}\">\n\t\t\t\t\t<div class=\"e-con-inner\">\n\t\t\t\t<div class=\"elementor-element elementor-element-3aa5f72 elementor-widget elementor-widget-elementskit-blog-posts\" data-id=\"3aa5f72\" data-element_type=\"widget\" data-widget_type=\"elementskit-blog-posts.default\">\n\t\t\t\t<div class=\"elementor-widget-container\">\n\t\t\t\t\t<div class=\"ekit-wid-con\" >        <div id=\"post-items--3aa5f72\" class=\"row post-items\">\n                    <div class=\"col-lg-4 col-md-6\">\n\n                                    <div class=\"elementskit-post-image-card\">\n                        <div class=\"elementskit-entry-header\">\n                                                            <a href=\"https:\/\/thelearningmountain.com\/en\/2025\/08\/07\/aprender-un-idioma\/\" class=\"elementskit-entry-thumb\">\n                                    <img decoding=\"async\" src=\"https:\/\/thelearningmountain.com\/wp-content\/uploads\/2021\/03\/cover-4-1024x512.jpg\" alt=\"El Superpoder del Siglo XXI: Por Qu\u00e9 Aprender Idiomas Transforma Tu Vida\">\n                                <\/a><!-- .elementskit-entry-thumb END -->\n                                                            \n                            \n\t\t\t\t\t\t\t\t\t\t\t\t\t<\/div><!-- .elementskit-entry-header END -->\n\n\t\t\t\t\t\t<div class=\"elementskit-post-body\">\n\t\t\t\t\t\t\t\n\t\t\t\t\t\t\t\t\t\t\t\t\t\t\t\t\t\t\t\t\t\t\t\t\t\t\t\t\t\t\n\t\t\t\t\t\t\t\t\n\t\t\t\t\t\t\t\t\t\t\t\t\t\t\t\t\t\t\t\t\t<h2 class=\"entry-title\">\n\t\t\t\t\t<a href=\"https:\/\/thelearningmountain.com\/en\/2025\/08\/07\/aprender-un-idioma\/\">\n\t\t\t\t\t\tEl Superpoder del Siglo XXI: Por Qu\u00e9 Aprender Idiomas Transforma Tu Vida\t\t\t\t\t<\/a>\n\t\t\t\t<\/h2>\n\t\t\t\t\t\t\t\t\t\t\t\t\t\t\t\t\t\t\t\t\t\t\t\t\t\t\t\t\t\t\t\t                                                            <div class=\"btn-wraper\">\n                                    \n                                                                            <a class=\"elementskit-btn whitespace--normal\" id=\"\" href=\"https:\/\/thelearningmountain.com\/en\/2025\/08\/07\/aprender-un-idioma\/\">\n                                        \t                                            Saber m\u00e1s                                         <\/a>\n                                                                    <\/div>\n                                                    <\/div><!-- .elementskit-post-body END -->\n                    <\/div>\n                \n            <\/div>\n                    <div class=\"col-lg-4 col-md-6\">\n\n                                    <div class=\"elementskit-post-image-card\">\n                        <div class=\"elementskit-entry-header\">\n                                                            <a href=\"https:\/\/thelearningmountain.com\/en\/2021\/06\/08\/an-indigenous-anatolian-syllabic-script-from-3500-years-ago-8\/\" class=\"elementskit-entry-thumb\">\n                                    <img decoding=\"async\" src=\"https:\/\/thelearningmountain.com\/wp-content\/uploads\/2021\/03\/post-2-sk.jpg\" alt=\"An Indigenous Anatolian Syllabic Script From 3500 Years Ago\">\n                                <\/a><!-- .elementskit-entry-thumb END -->\n                                                            \n                            \n\t\t\t\t\t\t\t\t\t\t\t\t\t<\/div><!-- .elementskit-entry-header END -->\n\n\t\t\t\t\t\t<div class=\"elementskit-post-body\">\n\t\t\t\t\t\t\t\n\t\t\t\t\t\t\t\t\t\t\t\t\t\t\t\t\t\t\t\t\t\t\t\t\t\t\t\t\t\t\n\t\t\t\t\t\t\t\t\n\t\t\t\t\t\t\t\t\t\t\t\t\t\t\t\t\t\t\t\t\t<h2 class=\"entry-title\">\n\t\t\t\t\t<a href=\"https:\/\/thelearningmountain.com\/en\/2021\/06\/08\/an-indigenous-anatolian-syllabic-script-from-3500-years-ago-8\/\">\n\t\t\t\t\t\tAn Indigenous Anatolian Syllabic Script From 3500 Years Ago\t\t\t\t\t<\/a>\n\t\t\t\t<\/h2>\n\t\t\t\t\t\t\t\t\t\t\t\t\t\t\t\t\t\t\t\t\t\t\t\t\t\t\t\t\t\t\t\t                                                            <div class=\"btn-wraper\">\n                                    \n                                                                            <a class=\"elementskit-btn whitespace--normal\" id=\"\" href=\"https:\/\/thelearningmountain.com\/en\/2021\/06\/08\/an-indigenous-anatolian-syllabic-script-from-3500-years-ago-8\/\">\n                                        \t                                            Saber m\u00e1s                                         <\/a>\n                                                                    <\/div>\n                                                    <\/div><!-- .elementskit-post-body END -->\n                    <\/div>\n                \n            <\/div>\n                    <div class=\"col-lg-4 col-md-6\">\n\n                                    <div class=\"elementskit-post-image-card\">\n                        <div class=\"elementskit-entry-header\">\n                                                            <a href=\"https:\/\/thelearningmountain.com\/en\/2021\/06\/08\/10-best-countries-to-visit-for-beginner-travelers-6\/\" class=\"elementskit-entry-thumb\">\n                                    <img decoding=\"async\" src=\"https:\/\/thelearningmountain.com\/wp-content\/uploads\/2021\/03\/post-3-sk.jpg\" alt=\"10 Best Countries to Visit for Beginner Travelers\">\n                                <\/a><!-- .elementskit-entry-thumb END -->\n                                                            \n                            \n\t\t\t\t\t\t\t\t\t\t\t\t\t<\/div><!-- .elementskit-entry-header END -->\n\n\t\t\t\t\t\t<div class=\"elementskit-post-body\">\n\t\t\t\t\t\t\t\n\t\t\t\t\t\t\t\t\t\t\t\t\t\t\t\t\t\t\t\t\t\t\t\t\t\t\t\t\t\t\n\t\t\t\t\t\t\t\t\n\t\t\t\t\t\t\t\t\t\t\t\t\t\t\t\t\t\t\t\t\t<h2 class=\"entry-title\">\n\t\t\t\t\t<a href=\"https:\/\/thelearningmountain.com\/en\/2021\/06\/08\/10-best-countries-to-visit-for-beginner-travelers-6\/\">\n\t\t\t\t\t\t10 Best Countries to Visit for Beginner Travelers\t\t\t\t\t<\/a>\n\t\t\t\t<\/h2>\n\t\t\t\t\t\t\t\t\t\t\t\t\t\t\t\t\t\t\t\t\t\t\t\t\t\t\t\t\t\t\t\t                                                            <div class=\"btn-wraper\">\n                                    \n                                                                            <a class=\"elementskit-btn whitespace--normal\" id=\"\" href=\"https:\/\/thelearningmountain.com\/en\/2021\/06\/08\/10-best-countries-to-visit-for-beginner-travelers-6\/\">\n                                        \t                                            Saber m\u00e1s                                         <\/a>\n                                                                    <\/div>\n                                                    <\/div><!-- .elementskit-post-body END -->\n                    <\/div>\n                \n            <\/div>\n                <\/div>\n       <\/div>\t\t\t\t<\/div>\n\t\t\t\t<\/div>\n\t\t\t\t\t<\/div>\n\t\t\t\t<\/div>\n\t\t<div class=\"elementor-element elementor-element-0ce2755 e-flex e-con-boxed elementor-invisible e-con e-parent\" data-id=\"0ce2755\" data-element_type=\"container\" data-settings=\"{&quot;animation&quot;:&quot;fadeInDown&quot;}\">\n\t\t\t\t\t<div class=\"e-con-inner\">\n\t\t\t\t<div class=\"elementor-element elementor-element-38b299c elementor-widget elementor-widget-image\" data-id=\"38b299c\" data-element_type=\"widget\" data-widget_type=\"image.default\">\n\t\t\t\t<div class=\"elementor-widget-container\">\n\t\t\t\t\t\t\t\t\t\t\t\t\t\t\t<img decoding=\"async\" width=\"300\" height=\"163\" src=\"https:\/\/thelearningmountain.com\/wp-content\/uploads\/2025\/07\/cropped-thelearningmountainlogo-300x163.png\" class=\"img-fluid attachment-medium size-medium wp-image-13753\" alt=\"thelearningmountainlogo\" srcset=\"https:\/\/thelearningmountain.com\/wp-content\/uploads\/2025\/07\/cropped-thelearningmountainlogo-300x163.png 300w, https:\/\/thelearningmountain.com\/wp-content\/uploads\/2025\/07\/cropped-thelearningmountainlogo-768x418.png 768w, https:\/\/thelearningmountain.com\/wp-content\/uploads\/2025\/07\/cropped-thelearningmountainlogo-18x10.png 18w, https:\/\/thelearningmountain.com\/wp-content\/uploads\/2025\/07\/cropped-thelearningmountainlogo-600x326.png 600w, https:\/\/thelearningmountain.com\/wp-content\/uploads\/2025\/07\/cropped-thelearningmountainlogo.png 1000w\" sizes=\"(max-width: 300px) 100vw, 300px\" \/>\t\t\t\t\t\t\t\t\t\t\t\t\t\t\t<\/div>\n\t\t\t\t<\/div>\n\t\t\t\t\t<\/div>\n\t\t\t\t<\/div>\n\t\t\t\t<\/div>","protected":false},"excerpt":{"rendered":"<p>Recursos gratuitos Explora nuestra secci\u00f3n de recursos gratuitos descargables y disfruta aprendiendo espa\u00f1ol con materiales divertidos y pr\u00e1cticos de The [&hellip;]<\/p>","protected":false},"author":1,"featured_media":0,"parent":0,"menu_order":0,"comment_status":"closed","ping_status":"closed","template":"elementor_header_footer","meta":{"give_campaign_id":0,"footnotes":""},"class_list":["post-7950","page","type-page","status-publish","hentry"],"campaignId":"","_links":{"self":[{"href":"https:\/\/thelearningmountain.com\/en\/wp-json\/wp\/v2\/pages\/7950","targetHints":{"allow":["GET"]}}],"collection":[{"href":"https:\/\/thelearningmountain.com\/en\/wp-json\/wp\/v2\/pages"}],"about":[{"href":"https:\/\/thelearningmountain.com\/en\/wp-json\/wp\/v2\/types\/page"}],"author":[{"embeddable":true,"href":"https:\/\/thelearningmountain.com\/en\/wp-json\/wp\/v2\/users\/1"}],"replies":[{"embeddable":true,"href":"https:\/\/thelearningmountain.com\/en\/wp-json\/wp\/v2\/comments?post=7950"}],"version-history":[{"count":52,"href":"https:\/\/thelearningmountain.com\/en\/wp-json\/wp\/v2\/pages\/7950\/revisions"}],"predecessor-version":[{"id":13825,"href":"https:\/\/thelearningmountain.com\/en\/wp-json\/wp\/v2\/pages\/7950\/revisions\/13825"}],"wp:attachment":[{"href":"https:\/\/thelearningmountain.com\/en\/wp-json\/wp\/v2\/media?parent=7950"}],"curies":[{"name":"wp","href":"https:\/\/api.w.org\/{rel}","templated":true}]}}