{"id":13492,"date":"2025-06-04T14:07:51","date_gmt":"2025-06-04T14:07:51","guid":{"rendered":"https:\/\/thelearningmountain.com\/donacion-fallida\/"},"modified":"2025-06-04T14:07:51","modified_gmt":"2025-06-04T14:07:51","slug":"donacion-fallida","status":"publish","type":"page","link":"https:\/\/thelearningmountain.com\/en\/donacion-fallida\/","title":{"rendered":"Donaci\u00f3n fallida"},"content":{"rendered":"<p>Lo sentimos, tu donaci\u00f3n ha fallado al procesarse. Por favor, int\u00e9ntalo de nuevo o contacta con el soporte del sitio.<\/p>","protected":false},"excerpt":{"rendered":"<p>Lo sentimos, tu donaci\u00f3n ha fallado al procesarse. Por favor, int\u00e9ntalo de nuevo o contacta con el soporte del sitio.<\/p>","protected":false},"author":1,"featured_media":0,"parent":0,"menu_order":0,"comment_status":"closed","ping_status":"closed","template":"","meta":{"give_campaign_id":0,"footnotes":""},"class_list":["post-13492","page","type-page","status-publish","hentry"],"campaignId":"","_links":{"self":[{"href":"https:\/\/thelearningmountain.com\/en\/wp-json\/wp\/v2\/pages\/13492","targetHints":{"allow":["GET"]}}],"collection":[{"href":"https:\/\/thelearningmountain.com\/en\/wp-json\/wp\/v2\/pages"}],"about":[{"href":"https:\/\/thelearningmountain.com\/en\/wp-json\/wp\/v2\/types\/page"}],"author":[{"embeddable":true,"href":"https:\/\/thelearningmountain.com\/en\/wp-json\/wp\/v2\/users\/1"}],"replies":[{"embeddable":true,"href":"https:\/\/thelearningmountain.com\/en\/wp-json\/wp\/v2\/comments?post=13492"}],"version-history":[{"count":0,"href":"https:\/\/thelearningmountain.com\/en\/wp-json\/wp\/v2\/pages\/13492\/revisions"}],"wp:attachment":[{"href":"https:\/\/thelearningmountain.com\/en\/wp-json\/wp\/v2\/media?parent=13492"}],"curies":[{"name":"wp","href":"https:\/\/api.w.org\/{rel}","templated":true}]}}